{"id":27249,"date":"2025-10-06T16:01:41","date_gmt":"2025-10-06T16:01:41","guid":{"rendered":"https:\/\/www.domainedechalamon.fontenille-collection.com\/?page_id=27249"},"modified":"2025-10-06T18:52:40","modified_gmt":"2025-10-06T18:52:40","slug":"legal-notice","status":"publish","type":"page","link":"https:\/\/www.domainedechalamon.fontenille-collection.com\/en\/legal-notice\/","title":{"rendered":"Terms of use"},"content":{"rendered":"<div data-elementor-type=\"wp-page\" data-elementor-id=\"27249\" class=\"elementor elementor-27249\" data-elementor-settings=\"{&quot;asli_hide_title_disabled&quot;:&quot;yes&quot;}\" data-elementor-post-type=\"page\">\n\t\t\t\t<div class=\"elementor-element elementor-element-f6c3239 e-flex e-con-boxed pt-xlarge px-gutters-horizontal e-con e-parent\" data-id=\"f6c3239\" data-element_type=\"container\" data-e-type=\"container\" data-settings=\"{&quot;background_background&quot;:&quot;classic&quot;}\">\n\t\t\t\t\t<div class=\"e-con-inner\">\n\t\t\t\t<div class=\"elementor-element elementor-element-a342fc6 elementor-widget elementor-widget-text-editor\" data-id=\"a342fc6\" data-element_type=\"widget\" data-e-type=\"widget\" data-widget_type=\"text-editor.default\">\n\t\t\t\t<div class=\"elementor-widget-container\">\n\t\t\t\t\t\t\t\t\t<h2>Terms of use<\/h2><p><!-- \/wp:heading --><!-- wp:paragraph --><\/p><p><b>Our website: https:domainedechalamon.fontenille-collection.com<\/b><\/p><p><!-- \/wp:paragraph --><!-- wp:heading --><!-- \/wp:heading --><!-- wp:paragraph --><\/p><p><strong>Company:<\/strong> Les Domaines de Fontenille SAS<\/p><p><strong>Headquarters <\/strong>Domaine de Fontenille 84360 Lauris<\/p><p>Contact address and secondary establishment: 9 avenue de l\u2019Op\u00e9ra 75001 Paris<\/p><p>contact@fontenillecollection.com<\/p><p><strong>SIREN<\/strong> <strong>:<\/strong> 798 361 184<\/p><p><strong>TVA<\/strong> <strong>:<\/strong> FR13 798361184<\/p><p><strong>Share capital<\/strong> <strong>:<\/strong> 94,626,400 EUR<\/p><p><strong>Site's purpose<\/strong> <strong>:<\/strong> Building promotion<\/p><p><strong>Publisher:<\/strong> Fr\u00e9d\u00e9ric Biousse<\/p><p><strong>Editorial Manager<\/strong> Fr\u00e9d\u00e9ric Biousse<\/p><p><strong>Web master, concept:<\/strong> Pilot<\/p><p><strong>Web host <\/strong>O2SWITCH, a simplified joint-stock company, registered with the Clermont-Ferrand Trade and Companies Register under number 510 909 807, with its registered office at Chemin des Pardiaux, 63000 Clermont-Ferrand.<\/p><p><strong>Owner of photographs, images, and texts:<\/strong> Les Domaines de Fontenille SAS<\/p><p><strong>The website presents:<\/strong> informative content<\/p><p><strong>Online collection of personal data<\/strong> See the Privacy Policy section.<\/p><p><strong>Information Technology and Civil Liberties Law:<\/strong> The site is subject to a declaration with the National Commission for Information Technology and Liberties. You have the right to access, modify, rectify, and delete data concerning you (Article 34 of the \u00abData Protection\u00bb law). To exercise this right, please contact: contact@fontenillecollection.com<\/p><p><strong>Property:<\/strong> The website and the information it contains are protected by French intellectual property law and international conventions. Except for use within the family circle or for private use, the website and none of its content may be reproduced, republished, transcribed, modified, or retransmitted without the prior authorization of the rights holders.<\/p><p><!-- \/wp:paragraph --><\/p>\t\t\t\t\t\t\t\t<\/div>\n\t\t\t\t<\/div>\n\t\t\t\t\t<\/div>\n\t\t\t\t<\/div>\n\t\t\t\t<\/div>","protected":false},"excerpt":{"rendered":"<p>Mentions L\u00e9gales Notre site web : https:domainedechalamon.fontenille-collection.com Soci\u00e9t\u00e9 : Les Domaines de Fontenille SAS Si\u00e8ge social : Domaine de Fontenille 84360 Lauris Adresse de contact et \u00e9tablissement secondaire : 9 avenue de l\u2019Op\u00e9ra 75001 Paris contact@fontenillecollection.com SIREN : 798 361 184 TVA : FR13 798361184 Capital social : 94 626 400 EUR Objet du site [&hellip;]<\/p>\n","protected":false},"author":3,"featured_media":0,"parent":0,"menu_order":0,"comment_status":"closed","ping_status":"closed","template":"","meta":{"_acf_changed":false,"footnotes":""},"class_list":["post-27249","page","type-page","status-publish","hentry"],"acf":[],"yoast_head":"<!-- This site is optimized with the Yoast SEO plugin v27.5 - https:\/\/yoast.com\/product\/yoast-seo-wordpress\/ -->\n<title>Mentions L\u00e9gales - Domaine de Chalamon - Maison d&#039;H\u00f4tes d&#039;exception \u00e0 Saint-R\u00e9my-de-Provence<\/title>\n<meta name=\"robots\" content=\"index, follow, max-snippet:-1, max-image-preview:large, max-video-preview:-1\" \/>\n<link rel=\"canonical\" href=\"https:\/\/www.domainedechalamon.fontenille-collection.com\/en\/legal-notice\/\" \/>\n<meta property=\"og:locale\" content=\"en_US\" \/>\n<meta property=\"og:type\" content=\"article\" \/>\n<meta property=\"og:title\" content=\"Mentions L\u00e9gales - Domaine de Chalamon - Maison d&#039;H\u00f4tes d&#039;exception \u00e0 Saint-R\u00e9my-de-Provence\" \/>\n<meta property=\"og:description\" content=\"Mentions L\u00e9gales Notre site web : https:domainedechalamon.fontenille-collection.com Soci\u00e9t\u00e9 : Les Domaines de Fontenille SAS Si\u00e8ge social : Domaine de Fontenille 84360 Lauris Adresse de contact et \u00e9tablissement secondaire : 9 avenue de l\u2019Op\u00e9ra 75001 Paris contact@fontenillecollection.com SIREN : 798 361 184 TVA : FR13 798361184 Capital social : 94 626 400 EUR Objet du site [&hellip;]\" \/>\n<meta property=\"og:url\" content=\"https:\/\/www.domainedechalamon.fontenille-collection.com\/en\/legal-notice\/\" \/>\n<meta property=\"og:site_name\" content=\"Domaine de Chalamon - Maison d&#039;H\u00f4tes d&#039;exception \u00e0 Saint-R\u00e9my-de-Provence\" \/>\n<meta property=\"article:modified_time\" content=\"2025-10-06T18:52:40+00:00\" \/>\n<meta name=\"twitter:card\" content=\"summary_large_image\" \/>\n<meta name=\"twitter:label1\" content=\"Est. reading time\" \/>\n\t<meta name=\"twitter:data1\" content=\"2 minutes\" \/>\n<script type=\"application\/ld+json\" class=\"yoast-schema-graph\">{\"@context\":\"https:\\\/\\\/schema.org\",\"@graph\":[{\"@type\":\"WebPage\",\"@id\":\"https:\\\/\\\/www.domainedechalamon.fontenille-collection.com\\\/mentions-legales\\\/\",\"url\":\"https:\\\/\\\/www.domainedechalamon.fontenille-collection.com\\\/mentions-legales\\\/\",\"name\":\"Mentions L\u00e9gales - Domaine de Chalamon - Maison d&#039;H\u00f4tes d&#039;exception \u00e0 Saint-R\u00e9my-de-Provence\",\"isPartOf\":{\"@id\":\"https:\\\/\\\/www.domainedechalamon.fontenille-collection.com\\\/#website\"},\"datePublished\":\"2025-10-06T16:01:41+00:00\",\"dateModified\":\"2025-10-06T18:52:40+00:00\",\"breadcrumb\":{\"@id\":\"https:\\\/\\\/www.domainedechalamon.fontenille-collection.com\\\/mentions-legales\\\/#breadcrumb\"},\"inLanguage\":\"en-US\",\"potentialAction\":[{\"@type\":\"ReadAction\",\"target\":[\"https:\\\/\\\/www.domainedechalamon.fontenille-collection.com\\\/mentions-legales\\\/\"]}]},{\"@type\":\"BreadcrumbList\",\"@id\":\"https:\\\/\\\/www.domainedechalamon.fontenille-collection.com\\\/mentions-legales\\\/#breadcrumb\",\"itemListElement\":[{\"@type\":\"ListItem\",\"position\":1,\"name\":\"Accueil\",\"item\":\"https:\\\/\\\/www.domainedechalamon.fontenille-collection.com\\\/\"},{\"@type\":\"ListItem\",\"position\":2,\"name\":\"Mentions L\u00e9gales\"}]},{\"@type\":\"WebSite\",\"@id\":\"https:\\\/\\\/www.domainedechalamon.fontenille-collection.com\\\/#website\",\"url\":\"https:\\\/\\\/www.domainedechalamon.fontenille-collection.com\\\/\",\"name\":\"Domaine de Chalamon - Maison d'H\u00f4tes d'exception \u00e0 Saint-R\u00e9my-de-Provence\",\"description\":\"Une escapade romantique au c\u0153ur de jardins \u00e0 la fran\u00e7aise \u00e0 Saint-R\u00e9my-de-Provence.\",\"publisher\":{\"@id\":\"https:\\\/\\\/www.domainedechalamon.fontenille-collection.com\\\/#organization\"},\"potentialAction\":[{\"@type\":\"SearchAction\",\"target\":{\"@type\":\"EntryPoint\",\"urlTemplate\":\"https:\\\/\\\/www.domainedechalamon.fontenille-collection.com\\\/?s={search_term_string}\"},\"query-input\":{\"@type\":\"PropertyValueSpecification\",\"valueRequired\":true,\"valueName\":\"search_term_string\"}}],\"inLanguage\":\"en-US\"},{\"@type\":\"Organization\",\"@id\":\"https:\\\/\\\/www.domainedechalamon.fontenille-collection.com\\\/#organization\",\"name\":\"Domaine de Chalamon - Maison d'H\u00f4tes d'exception \u00e0 Saint-R\u00e9my-de-Provence\",\"url\":\"https:\\\/\\\/www.domainedechalamon.fontenille-collection.com\\\/\",\"logo\":{\"@type\":\"ImageObject\",\"inLanguage\":\"en-US\",\"@id\":\"https:\\\/\\\/www.domainedechalamon.fontenille-collection.com\\\/#\\\/schema\\\/logo\\\/image\\\/\",\"url\":\"https:\\\/\\\/www.domainedechalamon.fontenille-collection.com\\\/wp-content\\\/uploads\\\/2024\\\/11\\\/Domaine-de-Chalamon-Logo-Blanc.png\",\"contentUrl\":\"https:\\\/\\\/www.domainedechalamon.fontenille-collection.com\\\/wp-content\\\/uploads\\\/2024\\\/11\\\/Domaine-de-Chalamon-Logo-Blanc.png\",\"width\":994,\"height\":227,\"caption\":\"Domaine de Chalamon - Maison d'H\u00f4tes d'exception \u00e0 Saint-R\u00e9my-de-Provence\"},\"image\":{\"@id\":\"https:\\\/\\\/www.domainedechalamon.fontenille-collection.com\\\/#\\\/schema\\\/logo\\\/image\\\/\"}}]}<\/script>\n<!-- \/ Yoast SEO plugin. -->","yoast_head_json":{"title":"Legal Notice - Domaine de Chalamon - Exceptional Bed and Breakfast in Saint-R\u00e9my-de-Provence","robots":{"index":"index","follow":"follow","max-snippet":"max-snippet:-1","max-image-preview":"max-image-preview:large","max-video-preview":"max-video-preview:-1"},"canonical":"https:\/\/www.domainedechalamon.fontenille-collection.com\/en\/legal-notice\/","og_locale":"en_US","og_type":"article","og_title":"Mentions L\u00e9gales - Domaine de Chalamon - Maison d&#039;H\u00f4tes d&#039;exception \u00e0 Saint-R\u00e9my-de-Provence","og_description":"Mentions L\u00e9gales Notre site web : https:domainedechalamon.fontenille-collection.com Soci\u00e9t\u00e9 : Les Domaines de Fontenille SAS Si\u00e8ge social : Domaine de Fontenille 84360 Lauris Adresse de contact et \u00e9tablissement secondaire : 9 avenue de l\u2019Op\u00e9ra 75001 Paris contact@fontenillecollection.com SIREN : 798 361 184 TVA : FR13 798361184 Capital social : 94 626 400 EUR Objet du site [&hellip;]","og_url":"https:\/\/www.domainedechalamon.fontenille-collection.com\/en\/legal-notice\/","og_site_name":"Domaine de Chalamon - Maison d&#039;H\u00f4tes d&#039;exception \u00e0 Saint-R\u00e9my-de-Provence","article_modified_time":"2025-10-06T18:52:40+00:00","twitter_card":"summary_large_image","twitter_misc":{"Est. reading time":"2 minutes"},"schema":{"@context":"https:\/\/schema.org","@graph":[{"@type":"WebPage","@id":"https:\/\/www.domainedechalamon.fontenille-collection.com\/mentions-legales\/","url":"https:\/\/www.domainedechalamon.fontenille-collection.com\/mentions-legales\/","name":"Legal Notice - Domaine de Chalamon - Exceptional Bed and Breakfast in Saint-R\u00e9my-de-Provence","isPartOf":{"@id":"https:\/\/www.domainedechalamon.fontenille-collection.com\/#website"},"datePublished":"2025-10-06T16:01:41+00:00","dateModified":"2025-10-06T18:52:40+00:00","breadcrumb":{"@id":"https:\/\/www.domainedechalamon.fontenille-collection.com\/mentions-legales\/#breadcrumb"},"inLanguage":"en-US","potentialAction":[{"@type":"ReadAction","target":["https:\/\/www.domainedechalamon.fontenille-collection.com\/mentions-legales\/"]}]},{"@type":"BreadcrumbList","@id":"https:\/\/www.domainedechalamon.fontenille-collection.com\/mentions-legales\/#breadcrumb","itemListElement":[{"@type":"ListItem","position":1,"name":"Accueil","item":"https:\/\/www.domainedechalamon.fontenille-collection.com\/"},{"@type":"ListItem","position":2,"name":"Mentions L\u00e9gales"}]},{"@type":"WebSite","@id":"https:\/\/www.domainedechalamon.fontenille-collection.com\/#website","url":"https:\/\/www.domainedechalamon.fontenille-collection.com\/","name":"Domaine de Chalamon - Luxury estate in Saint-R\u00e9my-de-Provence","description":"A romantic getaway in the French gardens of Saint-R\u00e9my-de-Provence.","publisher":{"@id":"https:\/\/www.domainedechalamon.fontenille-collection.com\/#organization"},"potentialAction":[{"@type":"SearchAction","target":{"@type":"EntryPoint","urlTemplate":"https:\/\/www.domainedechalamon.fontenille-collection.com\/?s={search_term_string}"},"query-input":{"@type":"PropertyValueSpecification","valueRequired":true,"valueName":"search_term_string"}}],"inLanguage":"en-US"},{"@type":"Organization","@id":"https:\/\/www.domainedechalamon.fontenille-collection.com\/#organization","name":"Domaine de Chalamon - Luxury estate in Saint-R\u00e9my-de-Provence","url":"https:\/\/www.domainedechalamon.fontenille-collection.com\/","logo":{"@type":"ImageObject","inLanguage":"en-US","@id":"https:\/\/www.domainedechalamon.fontenille-collection.com\/#\/schema\/logo\/image\/","url":"https:\/\/www.domainedechalamon.fontenille-collection.com\/wp-content\/uploads\/2024\/11\/Domaine-de-Chalamon-Logo-Blanc.png","contentUrl":"https:\/\/www.domainedechalamon.fontenille-collection.com\/wp-content\/uploads\/2024\/11\/Domaine-de-Chalamon-Logo-Blanc.png","width":994,"height":227,"caption":"Domaine de Chalamon - Maison d'H\u00f4tes d'exception \u00e0 Saint-R\u00e9my-de-Provence"},"image":{"@id":"https:\/\/www.domainedechalamon.fontenille-collection.com\/#\/schema\/logo\/image\/"}}]}},"_links":{"self":[{"href":"https:\/\/www.domainedechalamon.fontenille-collection.com\/en\/wp-json\/wp\/v2\/pages\/27249","targetHints":{"allow":["GET"]}}],"collection":[{"href":"https:\/\/www.domainedechalamon.fontenille-collection.com\/en\/wp-json\/wp\/v2\/pages"}],"about":[{"href":"https:\/\/www.domainedechalamon.fontenille-collection.com\/en\/wp-json\/wp\/v2\/types\/page"}],"author":[{"embeddable":true,"href":"https:\/\/www.domainedechalamon.fontenille-collection.com\/en\/wp-json\/wp\/v2\/users\/3"}],"replies":[{"embeddable":true,"href":"https:\/\/www.domainedechalamon.fontenille-collection.com\/en\/wp-json\/wp\/v2\/comments?post=27249"}],"version-history":[{"count":9,"href":"https:\/\/www.domainedechalamon.fontenille-collection.com\/en\/wp-json\/wp\/v2\/pages\/27249\/revisions"}],"predecessor-version":[{"id":27306,"href":"https:\/\/www.domainedechalamon.fontenille-collection.com\/en\/wp-json\/wp\/v2\/pages\/27249\/revisions\/27306"}],"wp:attachment":[{"href":"https:\/\/www.domainedechalamon.fontenille-collection.com\/en\/wp-json\/wp\/v2\/media?parent=27249"}],"curies":[{"name":"wp","href":"https:\/\/api.w.org\/{rel}","templated":true}]}}