{"id":27249,"date":"2025-10-06T16:01:41","date_gmt":"2025-10-06T16:01:41","guid":{"rendered":"https:\/\/www.domainedechalamon.fontenille-collection.com\/?page_id=27249"},"modified":"2025-10-06T18:52:40","modified_gmt":"2025-10-06T18:52:40","slug":"aviso-legal","status":"publish","type":"page","link":"https:\/\/www.domainedechalamon.fontenille-collection.com\/es\/aviso-legal\/","title":{"rendered":"Informaci\u00f3n jur\u00eddica"},"content":{"rendered":"<div data-elementor-type=\"wp-page\" data-elementor-id=\"27249\" class=\"elementor elementor-27249\" data-elementor-settings=\"{&quot;asli_hide_title_disabled&quot;:&quot;yes&quot;}\" data-elementor-post-type=\"page\">\n\t\t\t\t<div class=\"elementor-element elementor-element-f6c3239 e-flex e-con-boxed pt-xlarge px-gutters-horizontal e-con e-parent\" data-id=\"f6c3239\" data-element_type=\"container\" data-e-type=\"container\" data-settings=\"{&quot;background_background&quot;:&quot;classic&quot;}\">\n\t\t\t\t\t<div class=\"e-con-inner\">\n\t\t\t\t<div class=\"elementor-element elementor-element-a342fc6 elementor-widget elementor-widget-text-editor\" data-id=\"a342fc6\" data-element_type=\"widget\" data-e-type=\"widget\" data-widget_type=\"text-editor.default\">\n\t\t\t\t<div class=\"elementor-widget-container\">\n\t\t\t\t\t\t\t\t\t<h2>Informaci\u00f3n jur\u00eddica<\/h2><p><!-- \/wp:heading --><!-- wp:paragraph --><\/p><p><b>Nuestro sitio web: https:domainedechalamon.fontenille-collection.com<\/b><\/p><p><!-- \/wp:paragraph --><!-- wp:heading --><!-- \/wp:heading --><!-- wp:paragraph --><\/p><p><strong>Empresa<\/strong> Les Domaines de Fontenille SAS<\/p><p><strong>Sede central <\/strong>Domaine de Fontenille 84360 Lauris<\/p><p>Direcci\u00f3n de contacto y sucursal: 9 avenue de l\u2019Op\u00e9ra 75001 Par\u00eds<\/p><p>contact@fontenillecollection.com<\/p><p><strong>SIRENA<\/strong> <strong>:<\/strong> 798 361 184<\/p><p><strong>TVA<\/strong> <strong>:<\/strong> FR13 798361184<\/p><p><strong>Capital social<\/strong> <strong>:<\/strong> 94 626 400 EUR<\/p><p><strong>Prop\u00f3sito del sitio<\/strong> <strong>:<\/strong> Promoci\u00f3n del establecimiento<\/p><p><strong>Director de publicaci\u00f3n:<\/strong> Fr\u00e9d\u00e9ric Biousse<\/p><p><strong>Responsable editorial:<\/strong> Fr\u00e9d\u00e9ric Biousse<\/p><p><strong>Administrador web, concepci\u00f3n:<\/strong> Piloto<\/p><p><strong>Host: <\/strong>O2SWITCH, sociedad por acciones simplificada, inscrita en el Registro de Comercio y Sociedades de Clermont-Ferrand con el n\u00famero 510 909 807, con domicilio social en Chemin des Pardiaux, 63000 Clermont-Ferrand.<\/p><p><strong>Propietario de las fotograf\u00edas, im\u00e1genes y textos:<\/strong> Les Domaines de Fontenille SAS<\/p><p><strong>El sitio presenta:<\/strong> contenido informativo<\/p><p><strong>Recopilaci\u00f3n de datos personales en l\u00ednea:<\/strong> ver la secci\u00f3n Pol\u00edtica de Privacidad.<\/p><p><strong>Ley de inform\u00e1tica y libertades.<\/strong> el sitio web est\u00e1 sujeto a una declaraci\u00f3n ante la Comisi\u00f3n Nacional de Inform\u00e1tica y Libertades. Usted dispone de un derecho de acceso, modificaci\u00f3n, rectificaci\u00f3n y supresi\u00f3n de los datos que le conciernen (art. 34 de la ley \u00abInform\u00e1tica y Libertades\u00bb). Para ejercerlo, contacte con: contact@fontenillecollection.com<\/p><p><strong>Propiedad:<\/strong> El sitio y la informaci\u00f3n que contiene est\u00e1n protegidos por la ley francesa de propiedad intelectual y por convenios internacionales. Salvo para uso en el \u00e1mbito familiar o uso privado, el sitio y ning\u00fan elemento de su contenido pueden ser reproducidos, republicados, transcritos, modificados o retransmitidos sin la autorizaci\u00f3n previa de los titulares de los derechos.<\/p><p><!-- \/wp:paragraph --><\/p>\t\t\t\t\t\t\t\t<\/div>\n\t\t\t\t<\/div>\n\t\t\t\t\t<\/div>\n\t\t\t\t<\/div>\n\t\t\t\t<\/div>","protected":false},"excerpt":{"rendered":"<p>Mentions L\u00e9gales Notre site web : https:domainedechalamon.fontenille-collection.com Soci\u00e9t\u00e9 : Les Domaines de Fontenille SAS Si\u00e8ge social : Domaine de Fontenille 84360 Lauris Adresse de contact et \u00e9tablissement secondaire : 9 avenue de l\u2019Op\u00e9ra 75001 Paris contact@fontenillecollection.com SIREN : 798 361 184 TVA : FR13 798361184 Capital social : 94 626 400 EUR Objet du site [&hellip;]<\/p>\n","protected":false},"author":3,"featured_media":0,"parent":0,"menu_order":0,"comment_status":"closed","ping_status":"closed","template":"","meta":{"_acf_changed":false,"footnotes":""},"class_list":["post-27249","page","type-page","status-publish","hentry"],"acf":[],"yoast_head":"<!-- This site is optimized with the Yoast SEO plugin v27.5 - https:\/\/yoast.com\/product\/yoast-seo-wordpress\/ -->\n<title>Mentions L\u00e9gales - Domaine de Chalamon - Maison d&#039;H\u00f4tes d&#039;exception \u00e0 Saint-R\u00e9my-de-Provence<\/title>\n<meta name=\"robots\" content=\"index, follow, max-snippet:-1, max-image-preview:large, max-video-preview:-1\" \/>\n<link rel=\"canonical\" href=\"https:\/\/www.domainedechalamon.fontenille-collection.com\/es\/aviso-legal\/\" \/>\n<meta property=\"og:locale\" content=\"es_ES\" \/>\n<meta property=\"og:type\" content=\"article\" \/>\n<meta property=\"og:title\" content=\"Mentions L\u00e9gales - Domaine de Chalamon - Maison d&#039;H\u00f4tes d&#039;exception \u00e0 Saint-R\u00e9my-de-Provence\" \/>\n<meta property=\"og:description\" content=\"Mentions L\u00e9gales Notre site web : https:domainedechalamon.fontenille-collection.com Soci\u00e9t\u00e9 : Les Domaines de Fontenille SAS Si\u00e8ge social : Domaine de Fontenille 84360 Lauris Adresse de contact et \u00e9tablissement secondaire : 9 avenue de l\u2019Op\u00e9ra 75001 Paris contact@fontenillecollection.com SIREN : 798 361 184 TVA : FR13 798361184 Capital social : 94 626 400 EUR Objet du site [&hellip;]\" \/>\n<meta property=\"og:url\" content=\"https:\/\/www.domainedechalamon.fontenille-collection.com\/es\/aviso-legal\/\" \/>\n<meta property=\"og:site_name\" content=\"Domaine de Chalamon - Maison d&#039;H\u00f4tes d&#039;exception \u00e0 Saint-R\u00e9my-de-Provence\" \/>\n<meta property=\"article:modified_time\" content=\"2025-10-06T18:52:40+00:00\" \/>\n<meta name=\"twitter:card\" content=\"summary_large_image\" \/>\n<meta name=\"twitter:label1\" content=\"Tiempo de lectura\" \/>\n\t<meta name=\"twitter:data1\" content=\"2 minutos\" \/>\n<script type=\"application\/ld+json\" class=\"yoast-schema-graph\">{\"@context\":\"https:\\\/\\\/schema.org\",\"@graph\":[{\"@type\":\"WebPage\",\"@id\":\"https:\\\/\\\/www.domainedechalamon.fontenille-collection.com\\\/mentions-legales\\\/\",\"url\":\"https:\\\/\\\/www.domainedechalamon.fontenille-collection.com\\\/mentions-legales\\\/\",\"name\":\"Mentions L\u00e9gales - Domaine de Chalamon - Maison d&#039;H\u00f4tes d&#039;exception \u00e0 Saint-R\u00e9my-de-Provence\",\"isPartOf\":{\"@id\":\"https:\\\/\\\/www.domainedechalamon.fontenille-collection.com\\\/#website\"},\"datePublished\":\"2025-10-06T16:01:41+00:00\",\"dateModified\":\"2025-10-06T18:52:40+00:00\",\"breadcrumb\":{\"@id\":\"https:\\\/\\\/www.domainedechalamon.fontenille-collection.com\\\/mentions-legales\\\/#breadcrumb\"},\"inLanguage\":\"es\",\"potentialAction\":[{\"@type\":\"ReadAction\",\"target\":[\"https:\\\/\\\/www.domainedechalamon.fontenille-collection.com\\\/mentions-legales\\\/\"]}]},{\"@type\":\"BreadcrumbList\",\"@id\":\"https:\\\/\\\/www.domainedechalamon.fontenille-collection.com\\\/mentions-legales\\\/#breadcrumb\",\"itemListElement\":[{\"@type\":\"ListItem\",\"position\":1,\"name\":\"Accueil\",\"item\":\"https:\\\/\\\/www.domainedechalamon.fontenille-collection.com\\\/\"},{\"@type\":\"ListItem\",\"position\":2,\"name\":\"Mentions L\u00e9gales\"}]},{\"@type\":\"WebSite\",\"@id\":\"https:\\\/\\\/www.domainedechalamon.fontenille-collection.com\\\/#website\",\"url\":\"https:\\\/\\\/www.domainedechalamon.fontenille-collection.com\\\/\",\"name\":\"Domaine de Chalamon - Maison d'H\u00f4tes d'exception \u00e0 Saint-R\u00e9my-de-Provence\",\"description\":\"Une escapade romantique au c\u0153ur de jardins \u00e0 la fran\u00e7aise \u00e0 Saint-R\u00e9my-de-Provence.\",\"publisher\":{\"@id\":\"https:\\\/\\\/www.domainedechalamon.fontenille-collection.com\\\/#organization\"},\"potentialAction\":[{\"@type\":\"SearchAction\",\"target\":{\"@type\":\"EntryPoint\",\"urlTemplate\":\"https:\\\/\\\/www.domainedechalamon.fontenille-collection.com\\\/?s={search_term_string}\"},\"query-input\":{\"@type\":\"PropertyValueSpecification\",\"valueRequired\":true,\"valueName\":\"search_term_string\"}}],\"inLanguage\":\"es\"},{\"@type\":\"Organization\",\"@id\":\"https:\\\/\\\/www.domainedechalamon.fontenille-collection.com\\\/#organization\",\"name\":\"Domaine de Chalamon - Maison d'H\u00f4tes d'exception \u00e0 Saint-R\u00e9my-de-Provence\",\"url\":\"https:\\\/\\\/www.domainedechalamon.fontenille-collection.com\\\/\",\"logo\":{\"@type\":\"ImageObject\",\"inLanguage\":\"es\",\"@id\":\"https:\\\/\\\/www.domainedechalamon.fontenille-collection.com\\\/#\\\/schema\\\/logo\\\/image\\\/\",\"url\":\"https:\\\/\\\/www.domainedechalamon.fontenille-collection.com\\\/wp-content\\\/uploads\\\/2024\\\/11\\\/Domaine-de-Chalamon-Logo-Blanc.png\",\"contentUrl\":\"https:\\\/\\\/www.domainedechalamon.fontenille-collection.com\\\/wp-content\\\/uploads\\\/2024\\\/11\\\/Domaine-de-Chalamon-Logo-Blanc.png\",\"width\":994,\"height\":227,\"caption\":\"Domaine de Chalamon - Maison d'H\u00f4tes d'exception \u00e0 Saint-R\u00e9my-de-Provence\"},\"image\":{\"@id\":\"https:\\\/\\\/www.domainedechalamon.fontenille-collection.com\\\/#\\\/schema\\\/logo\\\/image\\\/\"}}]}<\/script>\n<!-- \/ Yoast SEO plugin. -->","yoast_head_json":{"title":"Aviso Legal - Domaine de Chalamon - Casa de Hu\u00e9spedes de excepci\u00f3n en Saint-R\u00e9my-de-Provence","robots":{"index":"index","follow":"follow","max-snippet":"max-snippet:-1","max-image-preview":"max-image-preview:large","max-video-preview":"max-video-preview:-1"},"canonical":"https:\/\/www.domainedechalamon.fontenille-collection.com\/es\/aviso-legal\/","og_locale":"es_ES","og_type":"article","og_title":"Mentions L\u00e9gales - Domaine de Chalamon - Maison d&#039;H\u00f4tes d&#039;exception \u00e0 Saint-R\u00e9my-de-Provence","og_description":"Mentions L\u00e9gales Notre site web : https:domainedechalamon.fontenille-collection.com Soci\u00e9t\u00e9 : Les Domaines de Fontenille SAS Si\u00e8ge social : Domaine de Fontenille 84360 Lauris Adresse de contact et \u00e9tablissement secondaire : 9 avenue de l\u2019Op\u00e9ra 75001 Paris contact@fontenillecollection.com SIREN : 798 361 184 TVA : FR13 798361184 Capital social : 94 626 400 EUR Objet du site [&hellip;]","og_url":"https:\/\/www.domainedechalamon.fontenille-collection.com\/es\/aviso-legal\/","og_site_name":"Domaine de Chalamon - Maison d&#039;H\u00f4tes d&#039;exception \u00e0 Saint-R\u00e9my-de-Provence","article_modified_time":"2025-10-06T18:52:40+00:00","twitter_card":"summary_large_image","twitter_misc":{"Tiempo de lectura":"2 minutos"},"schema":{"@context":"https:\/\/schema.org","@graph":[{"@type":"WebPage","@id":"https:\/\/www.domainedechalamon.fontenille-collection.com\/mentions-legales\/","url":"https:\/\/www.domainedechalamon.fontenille-collection.com\/mentions-legales\/","name":"Aviso Legal - Domaine de Chalamon - Casa de Hu\u00e9spedes de excepci\u00f3n en Saint-R\u00e9my-de-Provence","isPartOf":{"@id":"https:\/\/www.domainedechalamon.fontenille-collection.com\/#website"},"datePublished":"2025-10-06T16:01:41+00:00","dateModified":"2025-10-06T18:52:40+00:00","breadcrumb":{"@id":"https:\/\/www.domainedechalamon.fontenille-collection.com\/mentions-legales\/#breadcrumb"},"inLanguage":"es","potentialAction":[{"@type":"ReadAction","target":["https:\/\/www.domainedechalamon.fontenille-collection.com\/mentions-legales\/"]}]},{"@type":"BreadcrumbList","@id":"https:\/\/www.domainedechalamon.fontenille-collection.com\/mentions-legales\/#breadcrumb","itemListElement":[{"@type":"ListItem","position":1,"name":"Accueil","item":"https:\/\/www.domainedechalamon.fontenille-collection.com\/"},{"@type":"ListItem","position":2,"name":"Mentions L\u00e9gales"}]},{"@type":"WebSite","@id":"https:\/\/www.domainedechalamon.fontenille-collection.com\/#website","url":"https:\/\/www.domainedechalamon.fontenille-collection.com\/","name":"Domaine de Chalamon - Casa de hu\u00e9spedes excepcional en Saint-R\u00e9my-de-Provence","description":"Una escapada rom\u00e1ntica en el coraz\u00f3n de los jardines formales de Saint-R\u00e9my-de-Provence.","publisher":{"@id":"https:\/\/www.domainedechalamon.fontenille-collection.com\/#organization"},"potentialAction":[{"@type":"SearchAction","target":{"@type":"EntryPoint","urlTemplate":"https:\/\/www.domainedechalamon.fontenille-collection.com\/?s={search_term_string}"},"query-input":{"@type":"PropertyValueSpecification","valueRequired":true,"valueName":"search_term_string"}}],"inLanguage":"es"},{"@type":"Organization","@id":"https:\/\/www.domainedechalamon.fontenille-collection.com\/#organization","name":"Domaine de Chalamon - Casa de hu\u00e9spedes excepcional en Saint-R\u00e9my-de-Provence","url":"https:\/\/www.domainedechalamon.fontenille-collection.com\/","logo":{"@type":"ImageObject","inLanguage":"es","@id":"https:\/\/www.domainedechalamon.fontenille-collection.com\/#\/schema\/logo\/image\/","url":"https:\/\/www.domainedechalamon.fontenille-collection.com\/wp-content\/uploads\/2024\/11\/Domaine-de-Chalamon-Logo-Blanc.png","contentUrl":"https:\/\/www.domainedechalamon.fontenille-collection.com\/wp-content\/uploads\/2024\/11\/Domaine-de-Chalamon-Logo-Blanc.png","width":994,"height":227,"caption":"Domaine de Chalamon - Maison d'H\u00f4tes d'exception \u00e0 Saint-R\u00e9my-de-Provence"},"image":{"@id":"https:\/\/www.domainedechalamon.fontenille-collection.com\/#\/schema\/logo\/image\/"}}]}},"_links":{"self":[{"href":"https:\/\/www.domainedechalamon.fontenille-collection.com\/es\/wp-json\/wp\/v2\/pages\/27249","targetHints":{"allow":["GET"]}}],"collection":[{"href":"https:\/\/www.domainedechalamon.fontenille-collection.com\/es\/wp-json\/wp\/v2\/pages"}],"about":[{"href":"https:\/\/www.domainedechalamon.fontenille-collection.com\/es\/wp-json\/wp\/v2\/types\/page"}],"author":[{"embeddable":true,"href":"https:\/\/www.domainedechalamon.fontenille-collection.com\/es\/wp-json\/wp\/v2\/users\/3"}],"replies":[{"embeddable":true,"href":"https:\/\/www.domainedechalamon.fontenille-collection.com\/es\/wp-json\/wp\/v2\/comments?post=27249"}],"version-history":[{"count":9,"href":"https:\/\/www.domainedechalamon.fontenille-collection.com\/es\/wp-json\/wp\/v2\/pages\/27249\/revisions"}],"predecessor-version":[{"id":27306,"href":"https:\/\/www.domainedechalamon.fontenille-collection.com\/es\/wp-json\/wp\/v2\/pages\/27249\/revisions\/27306"}],"wp:attachment":[{"href":"https:\/\/www.domainedechalamon.fontenille-collection.com\/es\/wp-json\/wp\/v2\/media?parent=27249"}],"curies":[{"name":"wp","href":"https:\/\/api.w.org\/{rel}","templated":true}]}}