{"id":27249,"date":"2025-10-06T16:01:41","date_gmt":"2025-10-06T16:01:41","guid":{"rendered":"https:\/\/www.domainedechalamon.fontenille-collection.com\/?page_id=27249"},"modified":"2025-10-06T18:52:40","modified_gmt":"2025-10-06T18:52:40","slug":"note-legali","status":"publish","type":"page","link":"https:\/\/www.domainedechalamon.fontenille-collection.com\/it\/note-legali\/","title":{"rendered":"Informazioni legali"},"content":{"rendered":"<div data-elementor-type=\"wp-page\" data-elementor-id=\"27249\" class=\"elementor elementor-27249\" data-elementor-settings=\"{&quot;asli_hide_title_disabled&quot;:&quot;yes&quot;}\" data-elementor-post-type=\"page\">\n\t\t\t\t<div class=\"elementor-element elementor-element-f6c3239 e-flex e-con-boxed pt-xlarge px-gutters-horizontal e-con e-parent\" data-id=\"f6c3239\" data-element_type=\"container\" data-e-type=\"container\" data-settings=\"{&quot;background_background&quot;:&quot;classic&quot;}\">\n\t\t\t\t\t<div class=\"e-con-inner\">\n\t\t\t\t<div class=\"elementor-element elementor-element-a342fc6 elementor-widget elementor-widget-text-editor\" data-id=\"a342fc6\" data-element_type=\"widget\" data-e-type=\"widget\" data-widget_type=\"text-editor.default\">\n\t\t\t\t<div class=\"elementor-widget-container\">\n\t\t\t\t\t\t\t\t\t<h2>Informazioni legali<\/h2><p><!-- \/wp:heading --><!-- wp:paragraph --><\/p><p><b>Il nostro sito web: https:domainedechalamon.fontenille-collection.com<\/b><\/p><p><!-- \/wp:paragraph --><!-- wp:heading --><!-- \/wp:heading --><!-- wp:paragraph --><\/p><p><strong>Societ\u00e0:<\/strong> Les Domaines de Fontenille SAS<\/p><p><strong>Sede legale: <\/strong>Domaine de Fontenille 84360 Lauris<\/p><p>Indirizzo di contatto e sede secondaria: 9 avenue de l\u2019Op\u00e9ra 75001 Parigi<\/p><p>contact@fontenillecollection.com<\/p><p><strong>SIRENA<\/strong> <strong>:<\/strong> 798 361 184<\/p><p><strong>TVA<\/strong> <strong>:<\/strong> FR13 798361184<\/p><p><strong>Capitale sociale<\/strong> <strong>:<\/strong> 94.626.400 EUR<\/p><p><strong>Oggetto del sito<\/strong> <strong>:<\/strong> Promozione dell'istituto<\/p><p><strong>Direttore responsabile:<\/strong> Fr\u00e9d\u00e9ric Biousse<\/p><p><strong>Responsabile editoriale:<\/strong> Fr\u00e9d\u00e9ric Biousse<\/p><p><strong>Web master, concezione:<\/strong> Pilota<\/p><p><strong>Host: <\/strong>O2SWITCH, societ\u00e0 per azioni semplificata, registrata presso il Registro del Commercio e delle Societ\u00e0 di Clermont-Ferrand con il numero 510 909 807, la cui sede legale si trova in Chemin des Pardiaux, 63000 Clermont-Ferrand.<\/p><p><strong>Proprietario delle fotografie, immagini e testi:<\/strong> Les Domaines de Fontenille SAS<\/p><p><strong>Il sito presenta:<\/strong> contenuti informativi<\/p><p><strong>Raccolta di dati personali online:<\/strong> vedere la sezione Informativa sulla privacy.<\/p><p><strong>Legge sull'informatica e sulle libert\u00e0<\/strong> il sito \u00e8 oggetto di una dichiarazione presso la Commissione Nazionale Informatica e Libert\u00e0. Lei dispone di un diritto di accesso, modifica, rettifica e cancellazione dei dati che La riguardano (art. 34 della legge \u00abInformatica e Libert\u00e0\u00bb). Per esercitarlo, rivolgersi a: contact@fontenillecollection.com<\/p><p><strong>Propriet\u00e0:<\/strong> Il sito e le informazioni ivi contenute sono protetti dalla legge francese sulla propriet\u00e0 intellettuale e dalle convenzioni internazionali. Fatta eccezione per l'uso in ambito familiare o per uso privato, il sito e nessun elemento del suo contenuto possono essere riprodotti, ripubblicati, trascritti, modificati o ritrasmessi senza l'autorizzazione preventiva dei titolari dei diritti.<\/p><p><!-- \/wp:paragraph --><\/p>\t\t\t\t\t\t\t\t<\/div>\n\t\t\t\t<\/div>\n\t\t\t\t\t<\/div>\n\t\t\t\t<\/div>\n\t\t\t\t<\/div>","protected":false},"excerpt":{"rendered":"<p>Mentions L\u00e9gales Notre site web : https:domainedechalamon.fontenille-collection.com Soci\u00e9t\u00e9 : Les Domaines de Fontenille SAS Si\u00e8ge social : Domaine de Fontenille 84360 Lauris Adresse de contact et \u00e9tablissement secondaire : 9 avenue de l\u2019Op\u00e9ra 75001 Paris contact@fontenillecollection.com SIREN : 798 361 184 TVA : FR13 798361184 Capital social : 94 626 400 EUR Objet du site [&hellip;]<\/p>\n","protected":false},"author":3,"featured_media":0,"parent":0,"menu_order":0,"comment_status":"closed","ping_status":"closed","template":"","meta":{"_acf_changed":false,"footnotes":""},"class_list":["post-27249","page","type-page","status-publish","hentry"],"acf":[],"yoast_head":"<!-- This site is optimized with the Yoast SEO plugin v27.5 - https:\/\/yoast.com\/product\/yoast-seo-wordpress\/ -->\n<title>Mentions L\u00e9gales - Domaine de Chalamon - Maison d&#039;H\u00f4tes d&#039;exception \u00e0 Saint-R\u00e9my-de-Provence<\/title>\n<meta name=\"robots\" content=\"index, follow, max-snippet:-1, max-image-preview:large, max-video-preview:-1\" \/>\n<link rel=\"canonical\" href=\"https:\/\/www.domainedechalamon.fontenille-collection.com\/it\/note-legali\/\" \/>\n<meta property=\"og:locale\" content=\"it_IT\" \/>\n<meta property=\"og:type\" content=\"article\" \/>\n<meta property=\"og:title\" content=\"Mentions L\u00e9gales - Domaine de Chalamon - Maison d&#039;H\u00f4tes d&#039;exception \u00e0 Saint-R\u00e9my-de-Provence\" \/>\n<meta property=\"og:description\" content=\"Mentions L\u00e9gales Notre site web : https:domainedechalamon.fontenille-collection.com Soci\u00e9t\u00e9 : Les Domaines de Fontenille SAS Si\u00e8ge social : Domaine de Fontenille 84360 Lauris Adresse de contact et \u00e9tablissement secondaire : 9 avenue de l\u2019Op\u00e9ra 75001 Paris contact@fontenillecollection.com SIREN : 798 361 184 TVA : FR13 798361184 Capital social : 94 626 400 EUR Objet du site [&hellip;]\" \/>\n<meta property=\"og:url\" content=\"https:\/\/www.domainedechalamon.fontenille-collection.com\/it\/note-legali\/\" \/>\n<meta property=\"og:site_name\" content=\"Domaine de Chalamon - Maison d&#039;H\u00f4tes d&#039;exception \u00e0 Saint-R\u00e9my-de-Provence\" \/>\n<meta property=\"article:modified_time\" content=\"2025-10-06T18:52:40+00:00\" \/>\n<meta name=\"twitter:card\" content=\"summary_large_image\" \/>\n<meta name=\"twitter:label1\" content=\"Tempo di lettura stimato\" \/>\n\t<meta name=\"twitter:data1\" content=\"2 minuti\" \/>\n<script type=\"application\/ld+json\" class=\"yoast-schema-graph\">{\"@context\":\"https:\\\/\\\/schema.org\",\"@graph\":[{\"@type\":\"WebPage\",\"@id\":\"https:\\\/\\\/www.domainedechalamon.fontenille-collection.com\\\/mentions-legales\\\/\",\"url\":\"https:\\\/\\\/www.domainedechalamon.fontenille-collection.com\\\/mentions-legales\\\/\",\"name\":\"Mentions L\u00e9gales - Domaine de Chalamon - Maison d&#039;H\u00f4tes d&#039;exception \u00e0 Saint-R\u00e9my-de-Provence\",\"isPartOf\":{\"@id\":\"https:\\\/\\\/www.domainedechalamon.fontenille-collection.com\\\/#website\"},\"datePublished\":\"2025-10-06T16:01:41+00:00\",\"dateModified\":\"2025-10-06T18:52:40+00:00\",\"breadcrumb\":{\"@id\":\"https:\\\/\\\/www.domainedechalamon.fontenille-collection.com\\\/mentions-legales\\\/#breadcrumb\"},\"inLanguage\":\"it-IT\",\"potentialAction\":[{\"@type\":\"ReadAction\",\"target\":[\"https:\\\/\\\/www.domainedechalamon.fontenille-collection.com\\\/mentions-legales\\\/\"]}]},{\"@type\":\"BreadcrumbList\",\"@id\":\"https:\\\/\\\/www.domainedechalamon.fontenille-collection.com\\\/mentions-legales\\\/#breadcrumb\",\"itemListElement\":[{\"@type\":\"ListItem\",\"position\":1,\"name\":\"Accueil\",\"item\":\"https:\\\/\\\/www.domainedechalamon.fontenille-collection.com\\\/\"},{\"@type\":\"ListItem\",\"position\":2,\"name\":\"Mentions L\u00e9gales\"}]},{\"@type\":\"WebSite\",\"@id\":\"https:\\\/\\\/www.domainedechalamon.fontenille-collection.com\\\/#website\",\"url\":\"https:\\\/\\\/www.domainedechalamon.fontenille-collection.com\\\/\",\"name\":\"Domaine de Chalamon - Maison d'H\u00f4tes d'exception \u00e0 Saint-R\u00e9my-de-Provence\",\"description\":\"Une escapade romantique au c\u0153ur de jardins \u00e0 la fran\u00e7aise \u00e0 Saint-R\u00e9my-de-Provence.\",\"publisher\":{\"@id\":\"https:\\\/\\\/www.domainedechalamon.fontenille-collection.com\\\/#organization\"},\"potentialAction\":[{\"@type\":\"SearchAction\",\"target\":{\"@type\":\"EntryPoint\",\"urlTemplate\":\"https:\\\/\\\/www.domainedechalamon.fontenille-collection.com\\\/?s={search_term_string}\"},\"query-input\":{\"@type\":\"PropertyValueSpecification\",\"valueRequired\":true,\"valueName\":\"search_term_string\"}}],\"inLanguage\":\"it-IT\"},{\"@type\":\"Organization\",\"@id\":\"https:\\\/\\\/www.domainedechalamon.fontenille-collection.com\\\/#organization\",\"name\":\"Domaine de Chalamon - Maison d'H\u00f4tes d'exception \u00e0 Saint-R\u00e9my-de-Provence\",\"url\":\"https:\\\/\\\/www.domainedechalamon.fontenille-collection.com\\\/\",\"logo\":{\"@type\":\"ImageObject\",\"inLanguage\":\"it-IT\",\"@id\":\"https:\\\/\\\/www.domainedechalamon.fontenille-collection.com\\\/#\\\/schema\\\/logo\\\/image\\\/\",\"url\":\"https:\\\/\\\/www.domainedechalamon.fontenille-collection.com\\\/wp-content\\\/uploads\\\/2024\\\/11\\\/Domaine-de-Chalamon-Logo-Blanc.png\",\"contentUrl\":\"https:\\\/\\\/www.domainedechalamon.fontenille-collection.com\\\/wp-content\\\/uploads\\\/2024\\\/11\\\/Domaine-de-Chalamon-Logo-Blanc.png\",\"width\":994,\"height\":227,\"caption\":\"Domaine de Chalamon - Maison d'H\u00f4tes d'exception \u00e0 Saint-R\u00e9my-de-Provence\"},\"image\":{\"@id\":\"https:\\\/\\\/www.domainedechalamon.fontenille-collection.com\\\/#\\\/schema\\\/logo\\\/image\\\/\"}}]}<\/script>\n<!-- \/ Yoast SEO plugin. -->","yoast_head_json":{"title":"Note Legali - Domaine de Chalamon - Casa per Ospiti d'eccezione a Saint-R\u00e9my-de-Provence","robots":{"index":"index","follow":"follow","max-snippet":"max-snippet:-1","max-image-preview":"max-image-preview:large","max-video-preview":"max-video-preview:-1"},"canonical":"https:\/\/www.domainedechalamon.fontenille-collection.com\/it\/note-legali\/","og_locale":"it_IT","og_type":"article","og_title":"Mentions L\u00e9gales - Domaine de Chalamon - Maison d&#039;H\u00f4tes d&#039;exception \u00e0 Saint-R\u00e9my-de-Provence","og_description":"Mentions L\u00e9gales Notre site web : https:domainedechalamon.fontenille-collection.com Soci\u00e9t\u00e9 : Les Domaines de Fontenille SAS Si\u00e8ge social : Domaine de Fontenille 84360 Lauris Adresse de contact et \u00e9tablissement secondaire : 9 avenue de l\u2019Op\u00e9ra 75001 Paris contact@fontenillecollection.com SIREN : 798 361 184 TVA : FR13 798361184 Capital social : 94 626 400 EUR Objet du site [&hellip;]","og_url":"https:\/\/www.domainedechalamon.fontenille-collection.com\/it\/note-legali\/","og_site_name":"Domaine de Chalamon - Maison d&#039;H\u00f4tes d&#039;exception \u00e0 Saint-R\u00e9my-de-Provence","article_modified_time":"2025-10-06T18:52:40+00:00","twitter_card":"summary_large_image","twitter_misc":{"Tempo di lettura stimato":"2 minuti"},"schema":{"@context":"https:\/\/schema.org","@graph":[{"@type":"WebPage","@id":"https:\/\/www.domainedechalamon.fontenille-collection.com\/mentions-legales\/","url":"https:\/\/www.domainedechalamon.fontenille-collection.com\/mentions-legales\/","name":"Note Legali - Domaine de Chalamon - Casa per Ospiti d'eccezione a Saint-R\u00e9my-de-Provence","isPartOf":{"@id":"https:\/\/www.domainedechalamon.fontenille-collection.com\/#website"},"datePublished":"2025-10-06T16:01:41+00:00","dateModified":"2025-10-06T18:52:40+00:00","breadcrumb":{"@id":"https:\/\/www.domainedechalamon.fontenille-collection.com\/mentions-legales\/#breadcrumb"},"inLanguage":"it-IT","potentialAction":[{"@type":"ReadAction","target":["https:\/\/www.domainedechalamon.fontenille-collection.com\/mentions-legales\/"]}]},{"@type":"BreadcrumbList","@id":"https:\/\/www.domainedechalamon.fontenille-collection.com\/mentions-legales\/#breadcrumb","itemListElement":[{"@type":"ListItem","position":1,"name":"Accueil","item":"https:\/\/www.domainedechalamon.fontenille-collection.com\/"},{"@type":"ListItem","position":2,"name":"Mentions L\u00e9gales"}]},{"@type":"WebSite","@id":"https:\/\/www.domainedechalamon.fontenille-collection.com\/#website","url":"https:\/\/www.domainedechalamon.fontenille-collection.com\/","name":"Domaine de Chalamon - Pensione d'eccezione a Saint-R\u00e9my-de-Provence","description":"Una fuga romantica nel cuore dei giardini formali di Saint-R\u00e9my-de-Provence.","publisher":{"@id":"https:\/\/www.domainedechalamon.fontenille-collection.com\/#organization"},"potentialAction":[{"@type":"SearchAction","target":{"@type":"EntryPoint","urlTemplate":"https:\/\/www.domainedechalamon.fontenille-collection.com\/?s={search_term_string}"},"query-input":{"@type":"PropertyValueSpecification","valueRequired":true,"valueName":"search_term_string"}}],"inLanguage":"it-IT"},{"@type":"Organization","@id":"https:\/\/www.domainedechalamon.fontenille-collection.com\/#organization","name":"Domaine de Chalamon - Pensione d'eccezione a Saint-R\u00e9my-de-Provence","url":"https:\/\/www.domainedechalamon.fontenille-collection.com\/","logo":{"@type":"ImageObject","inLanguage":"it-IT","@id":"https:\/\/www.domainedechalamon.fontenille-collection.com\/#\/schema\/logo\/image\/","url":"https:\/\/www.domainedechalamon.fontenille-collection.com\/wp-content\/uploads\/2024\/11\/Domaine-de-Chalamon-Logo-Blanc.png","contentUrl":"https:\/\/www.domainedechalamon.fontenille-collection.com\/wp-content\/uploads\/2024\/11\/Domaine-de-Chalamon-Logo-Blanc.png","width":994,"height":227,"caption":"Domaine de Chalamon - Maison d'H\u00f4tes d'exception \u00e0 Saint-R\u00e9my-de-Provence"},"image":{"@id":"https:\/\/www.domainedechalamon.fontenille-collection.com\/#\/schema\/logo\/image\/"}}]}},"_links":{"self":[{"href":"https:\/\/www.domainedechalamon.fontenille-collection.com\/it\/wp-json\/wp\/v2\/pages\/27249","targetHints":{"allow":["GET"]}}],"collection":[{"href":"https:\/\/www.domainedechalamon.fontenille-collection.com\/it\/wp-json\/wp\/v2\/pages"}],"about":[{"href":"https:\/\/www.domainedechalamon.fontenille-collection.com\/it\/wp-json\/wp\/v2\/types\/page"}],"author":[{"embeddable":true,"href":"https:\/\/www.domainedechalamon.fontenille-collection.com\/it\/wp-json\/wp\/v2\/users\/3"}],"replies":[{"embeddable":true,"href":"https:\/\/www.domainedechalamon.fontenille-collection.com\/it\/wp-json\/wp\/v2\/comments?post=27249"}],"version-history":[{"count":9,"href":"https:\/\/www.domainedechalamon.fontenille-collection.com\/it\/wp-json\/wp\/v2\/pages\/27249\/revisions"}],"predecessor-version":[{"id":27306,"href":"https:\/\/www.domainedechalamon.fontenille-collection.com\/it\/wp-json\/wp\/v2\/pages\/27249\/revisions\/27306"}],"wp:attachment":[{"href":"https:\/\/www.domainedechalamon.fontenille-collection.com\/it\/wp-json\/wp\/v2\/media?parent=27249"}],"curies":[{"name":"wp","href":"https:\/\/api.w.org\/{rel}","templated":true}]}}